{"id":3,"date":"2025-07-23T17:25:16","date_gmt":"2025-07-23T17:25:16","guid":{"rendered":"http:\/\/soldfood.de\/?page_id=3"},"modified":"2026-03-25T21:04:29","modified_gmt":"2026-03-25T21:04:29","slug":"datenschutzerklaerung-rewardpass","status":"publish","type":"page","link":"https:\/\/soldfood.de\/vi\/datenschutzerklaerung-rewardpass\/","title":{"rendered":""},"content":{"rendered":"<div data-elementor-type=\"wp-page\" data-elementor-id=\"3\" class=\"elementor elementor-3\" data-elementor-post-type=\"page\">\n\t\t\t\t<div class=\"elementor-element elementor-element-e6aca81 e-con-full e-flex e-con e-parent\" data-id=\"e6aca81\" data-element_type=\"container\">\n\t\t\t\t<div class=\"elementor-element elementor-element-3476d13 elementor-widget elementor-widget-shortcode\" data-id=\"3476d13\" data-element_type=\"widget\" data-widget_type=\"shortcode.default\">\n\t\t\t\t\t\t\t<div class=\"elementor-shortcode\">\t\t<div data-elementor-type=\"page\" data-elementor-id=\"1069\" class=\"elementor elementor-1069\" data-elementor-post-type=\"elementor_library\">\n\t\t\t\t\t\t<section class=\"elementor-section elementor-top-section elementor-element elementor-element-5b428ec3 elementor-section-boxed elementor-section-height-default elementor-section-height-default\" data-id=\"5b428ec3\" data-element_type=\"section\">\n\t\t\t\t\t\t<div class=\"elementor-container elementor-column-gap-extended\">\n\t\t\t\t\t<div class=\"elementor-column elementor-col-100 elementor-top-column elementor-element elementor-element-28d0e909\" data-id=\"28d0e909\" data-element_type=\"column\">\n\t\t\t<div class=\"elementor-widget-wrap elementor-element-populated\">\n\t\t\t\t\t\t<div class=\"elementor-element elementor-element-2fd3d4c6 elementor-widget elementor-widget-heading\" data-id=\"2fd3d4c6\" data-element_type=\"widget\" data-widget_type=\"heading.default\">\n\t\t\t\t\t<h1 class=\"elementor-heading-title elementor-size-default\">Datenschutzerkl\u00e4rung \u2013 RewardPass App<\/h1>\t\t\t\t<\/div>\n\t\t\t\t<div class=\"elementor-element elementor-element-6feb5a30 elementor-widget elementor-widget-text-editor\" data-id=\"6feb5a30\" data-element_type=\"widget\" data-widget_type=\"text-editor.default\">\n\t\t\t\t\t\t\t\t\t<p style=\"color:#64748b;\">Stand: M&auml;rz 2026<\/p>\t\t\t\t\t\t\t\t<\/div>\n\t\t\t\t<div class=\"elementor-element elementor-element-5414d9cc elementor-widget-divider--view-line elementor-widget elementor-widget-divider\" data-id=\"5414d9cc\" data-element_type=\"widget\" data-widget_type=\"divider.default\">\n\t\t\t\t\t\t\t<div class=\"elementor-divider\">\n\t\t\t<span class=\"elementor-divider-separator\">\n\t\t\t\t\t\t<\/span>\n\t\t<\/div>\n\t\t\t\t\t\t<\/div>\n\t\t\t\t<div class=\"elementor-element elementor-element-7dce6b58 elementor-widget elementor-widget-heading\" data-id=\"7dce6b58\" data-element_type=\"widget\" data-widget_type=\"heading.default\">\n\t\t\t\t\t<h2 class=\"elementor-heading-title elementor-size-default\">1. Verantwortlicher<\/h2>\t\t\t\t<\/div>\n\t\t\t\t<div class=\"elementor-element elementor-element-71e0e770 elementor-widget elementor-widget-text-editor\" data-id=\"71e0e770\" data-element_type=\"widget\" data-widget_type=\"text-editor.default\">\n\t\t\t\t\t\t\t\t\t<p>Verantwortlicher im Sinne der Datenschutz-Grundverordnung (DSGVO) ist:<\/p><p><strong>Soldfood UG<\/strong><br \/>Krokusweg 3<br \/>33154 Salzkotten<br \/>Deutschland<\/p><p>E-Mail: <a href=\"mailto:app@soldfood.de\">app@soldfood.de<\/a><br \/>Website: <a href=\"https:\/\/soldfood.de\/vi\/\" target=\"_blank\" rel=\"noopener noreferrer\">https:\/\/www.soldfood.de<\/a><\/p>\t\t\t\t\t\t\t\t<\/div>\n\t\t\t\t<div class=\"elementor-element elementor-element-752e15fc elementor-widget-divider--view-line elementor-widget elementor-widget-divider\" data-id=\"752e15fc\" data-element_type=\"widget\" data-widget_type=\"divider.default\">\n\t\t\t\t\t\t\t<div class=\"elementor-divider\">\n\t\t\t<span class=\"elementor-divider-separator\">\n\t\t\t\t\t\t<\/span>\n\t\t<\/div>\n\t\t\t\t\t\t<\/div>\n\t\t\t\t<div class=\"elementor-element elementor-element-2e5d7526 elementor-widget elementor-widget-heading\" data-id=\"2e5d7526\" data-element_type=\"widget\" data-widget_type=\"heading.default\">\n\t\t\t\t\t<h2 class=\"elementor-heading-title elementor-size-default\">2. \u00dcberblick \u00fcber die Datenverarbeitung<\/h2>\t\t\t\t<\/div>\n\t\t\t\t<div class=\"elementor-element elementor-element-c953f24 elementor-widget elementor-widget-text-editor\" data-id=\"c953f24\" data-element_type=\"widget\" data-widget_type=\"text-editor.default\">\n\t\t\t\t\t\t\t\t\t<p>Die RewardPass App erm\u00f6glicht Kunden, digitale Treuekarten bei teilnehmenden Gesch\u00e4ften zu sammeln und Pr\u00e4mien einzul\u00f6sen. Dabei verarbeiten wir folgende personenbezogene Daten:<\/p><ul><li>Name \u2013 Identifikation (Art. 6 Abs. 1 lit. b DSGVO)<\/li><li>E-Mail-Adresse \u2013 Konto-Login (Art. 6 Abs. 1 lit. b DSGVO)<\/li><li>Geburtsdatum \u2013 Altersverifikation (Art. 6 Abs. 1 lit. b DSGVO)<\/li><li>Wohnort \u2013 Statistik, Regionalisierung (Art. 6 Abs. 1 lit. b DSGVO)<\/li><li>Telefonnummer \u2013 Kontakt, Sicherheit (Art. 6 Abs. 1 lit. b DSGVO)<\/li><li>Stempel- und Pr\u00e4mienhistorie \u2013 Verwaltung der Treuekarte (Art. 6 Abs. 1 lit. b DSGVO)<\/li><li>Ger\u00e4tedaten (Push-Token) \u2013 Push-Benachrichtigungen (Art. 6 Abs. 1 lit. a DSGVO)<\/li><li>Kamerazugriff \u2013 QR-Code-Scan (Art. 6 Abs. 1 lit. b DSGVO)<\/li><\/ul>\t\t\t\t\t\t\t\t<\/div>\n\t\t\t\t<div class=\"elementor-element elementor-element-59c973c8 elementor-widget-divider--view-line elementor-widget elementor-widget-divider\" data-id=\"59c973c8\" data-element_type=\"widget\" data-widget_type=\"divider.default\">\n\t\t\t\t\t\t\t<div class=\"elementor-divider\">\n\t\t\t<span class=\"elementor-divider-separator\">\n\t\t\t\t\t\t<\/span>\n\t\t<\/div>\n\t\t\t\t\t\t<\/div>\n\t\t\t\t<div class=\"elementor-element elementor-element-4cd0a86a elementor-widget elementor-widget-heading\" data-id=\"4cd0a86a\" data-element_type=\"widget\" data-widget_type=\"heading.default\">\n\t\t\t\t\t<h2 class=\"elementor-heading-title elementor-size-default\">3. Registrierung und Nutzerkonto<\/h2>\t\t\t\t<\/div>\n\t\t\t\t<div class=\"elementor-element elementor-element-5683dc2 elementor-widget elementor-widget-text-editor\" data-id=\"5683dc2\" data-element_type=\"widget\" data-widget_type=\"text-editor.default\">\n\t\t\t\t\t\t\t\t\t<p>F\u00fcr die Nutzung der App ist eine Registrierung erforderlich. Dabei erheben wir:<\/p><ul><li><strong>Vor- und Nachname<\/strong><\/li><li><strong>E-Mail-Adresse<\/strong> (dient gleichzeitig als Login)<\/li><li><strong>Passwort<\/strong> (verschl\u00fcsselt gespeichert, niemals im Klartext)<\/li><li><strong>Geburtsdatum<\/strong><\/li><li><strong>Wohnort<\/strong><\/li><li><strong>Telefonnummer<\/strong><\/li><\/ul><p><strong>Speicherort:<\/strong> IONOS SE, Elgendorfer Str. 57, 56410 Montabaur, Deutschland. Daten verbleiben in Deutschland bzw. der EU.<\/p><p><strong>Speicherdauer:<\/strong> Daten werden gel\u00f6scht innerhalb von <strong>30 Tagen<\/strong> nach Kontol\u00f6schung.<\/p>\t\t\t\t\t\t\t\t<\/div>\n\t\t\t\t<div class=\"elementor-element elementor-element-6b1ebc7c elementor-widget-divider--view-line elementor-widget elementor-widget-divider\" data-id=\"6b1ebc7c\" data-element_type=\"widget\" data-widget_type=\"divider.default\">\n\t\t\t\t\t\t\t<div class=\"elementor-divider\">\n\t\t\t<span class=\"elementor-divider-separator\">\n\t\t\t\t\t\t<\/span>\n\t\t<\/div>\n\t\t\t\t\t\t<\/div>\n\t\t\t\t<div class=\"elementor-element elementor-element-1b9aa304 elementor-widget elementor-widget-heading\" data-id=\"1b9aa304\" data-element_type=\"widget\" data-widget_type=\"heading.default\">\n\t\t\t\t\t<h2 class=\"elementor-heading-title elementor-size-default\">4. Stempel- und Transaktionsdaten<\/h2>\t\t\t\t<\/div>\n\t\t\t\t<div class=\"elementor-element elementor-element-2b0ccdc1 elementor-widget elementor-widget-text-editor\" data-id=\"2b0ccdc1\" data-element_type=\"widget\" data-widget_type=\"text-editor.default\">\n\t\t\t\t\t\t\t\t\t<p>Beim Sammeln von Stempeln oder Einl\u00f6sen von Pr\u00e4mien speichern wir: Datum und Uhrzeit des Scans, besuchtes Gesch\u00e4ft, Anzahl der Stempel und Punkte sowie eingel\u00f6ste Pr\u00e4mien und Coupons.<\/p><p>Diese Daten werden <strong>nicht<\/strong> an Dritte au\u00dferhalb des jeweiligen Gesch\u00e4fts weitergegeben.<\/p><p><strong>Speicherdauer:<\/strong> Transaktionsdaten werden <strong>3 Jahre<\/strong> aufbewahrt und dann gel\u00f6scht.<\/p>\t\t\t\t\t\t\t\t<\/div>\n\t\t\t\t<div class=\"elementor-element elementor-element-61524ccb elementor-widget-divider--view-line elementor-widget elementor-widget-divider\" data-id=\"61524ccb\" data-element_type=\"widget\" data-widget_type=\"divider.default\">\n\t\t\t\t\t\t\t<div class=\"elementor-divider\">\n\t\t\t<span class=\"elementor-divider-separator\">\n\t\t\t\t\t\t<\/span>\n\t\t<\/div>\n\t\t\t\t\t\t<\/div>\n\t\t\t\t<div class=\"elementor-element elementor-element-515dc408 elementor-widget elementor-widget-heading\" data-id=\"515dc408\" data-element_type=\"widget\" data-widget_type=\"heading.default\">\n\t\t\t\t\t<h2 class=\"elementor-heading-title elementor-size-default\">5. Kamerazugriff<\/h2>\t\t\t\t<\/div>\n\t\t\t\t<div class=\"elementor-element elementor-element-58d9328c elementor-widget elementor-widget-text-editor\" data-id=\"58d9328c\" data-element_type=\"widget\" data-widget_type=\"text-editor.default\">\n\t\t\t\t\t\t\t\t\t<p>Die App ben\u00f6tigt Zugriff auf die Kamera ausschlie\u00dflich zum <strong>Scannen von QR-Codes<\/strong>. Es werden keine Fotos oder Videos gespeichert oder \u00fcbertragen. Die Kamera wird nur aktiv, wenn Sie den Scanner manuell \u00f6ffnen.<\/p>\t\t\t\t\t\t\t\t<\/div>\n\t\t\t\t<div class=\"elementor-element elementor-element-1a5e3bca elementor-widget-divider--view-line elementor-widget elementor-widget-divider\" data-id=\"1a5e3bca\" data-element_type=\"widget\" data-widget_type=\"divider.default\">\n\t\t\t\t\t\t\t<div class=\"elementor-divider\">\n\t\t\t<span class=\"elementor-divider-separator\">\n\t\t\t\t\t\t<\/span>\n\t\t<\/div>\n\t\t\t\t\t\t<\/div>\n\t\t\t\t<div class=\"elementor-element elementor-element-4ff02a45 elementor-widget elementor-widget-heading\" data-id=\"4ff02a45\" data-element_type=\"widget\" data-widget_type=\"heading.default\">\n\t\t\t\t\t<h2 class=\"elementor-heading-title elementor-size-default\">6. Push-Benachrichtigungen<\/h2>\t\t\t\t<\/div>\n\t\t\t\t<div class=\"elementor-element elementor-element-3b2b1d5c elementor-widget elementor-widget-text-editor\" data-id=\"3b2b1d5c\" data-element_type=\"widget\" data-widget_type=\"text-editor.default\">\n\t\t\t\t\t\t\t\t\t<p>Mit Ihrer Einwilligung senden wir Push-Benachrichtigungen \u00fcber neue Stempel, Pr\u00e4mien und Angebote. F\u00fcr die Zustellung wird ein <strong>Ger\u00e4te-Token<\/strong> auf unseren Servern gespeichert.<\/p><p><strong>Dienstleister:<\/strong><br \/>\u2022 iOS: Apple Push Notification Service (APNs), Apple Inc., USA<br \/>\u2022 Expo Push Service: Expo Inc., USA<\/p><p>Push-Benachrichtigungen k\u00f6nnen jederzeit in den Ger\u00e4te-Einstellungen deaktiviert werden.<\/p><p><strong>Rechtsgrundlage:<\/strong> Art. 6 Abs. 1 lit. a DSGVO (Einwilligung)<\/p>\t\t\t\t\t\t\t\t<\/div>\n\t\t\t\t<div class=\"elementor-element elementor-element-6f33475 elementor-widget-divider--view-line elementor-widget elementor-widget-divider\" data-id=\"6f33475\" data-element_type=\"widget\" data-widget_type=\"divider.default\">\n\t\t\t\t\t\t\t<div class=\"elementor-divider\">\n\t\t\t<span class=\"elementor-divider-separator\">\n\t\t\t\t\t\t<\/span>\n\t\t<\/div>\n\t\t\t\t\t\t<\/div>\n\t\t\t\t<div class=\"elementor-element elementor-element-7b9715df elementor-widget elementor-widget-heading\" data-id=\"7b9715df\" data-element_type=\"widget\" data-widget_type=\"heading.default\">\n\t\t\t\t\t<h2 class=\"elementor-heading-title elementor-size-default\">7. Apple Wallet \/ Google Wallet<\/h2>\t\t\t\t<\/div>\n\t\t\t\t<div class=\"elementor-element elementor-element-12a02491 elementor-widget elementor-widget-text-editor\" data-id=\"12a02491\" data-element_type=\"widget\" data-widget_type=\"text-editor.default\">\n\t\t\t\t\t\t\t\t\t<p>Auf Ihren ausdr\u00fccklichen Wunsch hin k\u00f6nnen Sie die Treuekarte zu Apple Wallet oder Google Wallet hinzuf\u00fcgen. Dabei \u00fcbertragen wir Name, Stempelstand, Shop-Name und den QR-Code der Karte.<\/p><p><strong>Apple Wallet:<\/strong> Apple Inc., USA &ndash; <a href=\"https:\/\/www.apple.com\/legal\/privacy\/de-ww\/\" target=\"_blank\" rel=\"noopener noreferrer\">Datenschutzerkl\u00e4rung<\/a><br \/><strong>Google Wallet:<\/strong> Google LLC, USA &ndash; <a href=\"https:\/\/policies.google.com\/privacy\" target=\"_blank\" rel=\"noopener noreferrer\">Datenschutzerkl\u00e4rung<\/a><\/p><p><strong>Rechtsgrundlage:<\/strong> Art. 6 Abs. 1 lit. a DSGVO (Einwilligung)<\/p>\t\t\t\t\t\t\t\t<\/div>\n\t\t\t\t<div class=\"elementor-element elementor-element-35154e10 elementor-widget-divider--view-line elementor-widget elementor-widget-divider\" data-id=\"35154e10\" data-element_type=\"widget\" data-widget_type=\"divider.default\">\n\t\t\t\t\t\t\t<div class=\"elementor-divider\">\n\t\t\t<span class=\"elementor-divider-separator\">\n\t\t\t\t\t\t<\/span>\n\t\t<\/div>\n\t\t\t\t\t\t<\/div>\n\t\t\t\t<div class=\"elementor-element elementor-element-2b39cf64 elementor-widget elementor-widget-heading\" data-id=\"2b39cf64\" data-element_type=\"widget\" data-widget_type=\"heading.default\">\n\t\t\t\t\t<h2 class=\"elementor-heading-title elementor-size-default\">8. Weitergabe an Gesch\u00e4fte (Shop-Betreiber)<\/h2>\t\t\t\t<\/div>\n\t\t\t\t<div class=\"elementor-element elementor-element-17ec8b8d elementor-widget elementor-widget-text-editor\" data-id=\"17ec8b8d\" data-element_type=\"widget\" data-widget_type=\"text-editor.default\">\n\t\t\t\t\t\t\t\t\t<p>Shop-Betreiber k\u00f6nnen einsehen: Ihren Namen, die Anzahl Ihrer Stempel\/Punkte sowie Datum der Besuche.<\/p><p><strong>Nicht sichtbar f\u00fcr Shop-Betreiber:<\/strong> Passwort, Geburtsdatum, Telefonnummer, Aktivit\u00e4ten bei anderen Shops.<\/p><p><strong>Rechtsgrundlage:<\/strong> Art. 6 Abs. 1 lit. b DSGVO<\/p>\t\t\t\t\t\t\t\t<\/div>\n\t\t\t\t<div class=\"elementor-element elementor-element-eaef21f elementor-widget-divider--view-line elementor-widget elementor-widget-divider\" data-id=\"eaef21f\" data-element_type=\"widget\" data-widget_type=\"divider.default\">\n\t\t\t\t\t\t\t<div class=\"elementor-divider\">\n\t\t\t<span class=\"elementor-divider-separator\">\n\t\t\t\t\t\t<\/span>\n\t\t<\/div>\n\t\t\t\t\t\t<\/div>\n\t\t\t\t<div class=\"elementor-element elementor-element-21c81c9b elementor-widget elementor-widget-heading\" data-id=\"21c81c9b\" data-element_type=\"widget\" data-widget_type=\"heading.default\">\n\t\t\t\t\t<h2 class=\"elementor-heading-title elementor-size-default\">9. Technische Daten (Server-Logs)<\/h2>\t\t\t\t<\/div>\n\t\t\t\t<div class=\"elementor-element elementor-element-76f3d29b elementor-widget elementor-widget-text-editor\" data-id=\"76f3d29b\" data-element_type=\"widget\" data-widget_type=\"text-editor.default\">\n\t\t\t\t\t\t\t\t\t<p>Bei der Nutzung der App werden technische Daten auf unseren Servern protokolliert: IP-Adresse (anonymisiert nach 7 Tagen), Zugriffszeit und -datum sowie verwendeter API-Endpunkt.<\/p><p><strong>Rechtsgrundlage:<\/strong> Art. 6 Abs. 1 lit. f DSGVO (berechtigtes Interesse)<\/p>\t\t\t\t\t\t\t\t<\/div>\n\t\t\t\t<div class=\"elementor-element elementor-element-1e4ccdd3 elementor-widget-divider--view-line elementor-widget elementor-widget-divider\" data-id=\"1e4ccdd3\" data-element_type=\"widget\" data-widget_type=\"divider.default\">\n\t\t\t\t\t\t\t<div class=\"elementor-divider\">\n\t\t\t<span class=\"elementor-divider-separator\">\n\t\t\t\t\t\t<\/span>\n\t\t<\/div>\n\t\t\t\t\t\t<\/div>\n\t\t\t\t<div class=\"elementor-element elementor-element-357ead07 elementor-widget elementor-widget-heading\" data-id=\"357ead07\" data-element_type=\"widget\" data-widget_type=\"heading.default\">\n\t\t\t\t\t<h2 class=\"elementor-heading-title elementor-size-default\">10. Keine Weitergabe an Dritte<\/h2>\t\t\t\t<\/div>\n\t\t\t\t<div class=\"elementor-element elementor-element-795a985c elementor-widget elementor-widget-text-editor\" data-id=\"795a985c\" data-element_type=\"widget\" data-widget_type=\"text-editor.default\">\n\t\t\t\t\t\t\t\t\t<p>Wir verkaufen Ihre Daten <strong>nicht<\/strong> und geben sie nicht zu Werbezwecken weiter. Eine Weitergabe erfolgt nur an Shop-Betreiber (Abschnitt 8), an technische Dienstleister (Apple, Google, IONOS) im Rahmen der Auftragsverarbeitung sowie bei gesetzlicher Pflicht.<\/p>\t\t\t\t\t\t\t\t<\/div>\n\t\t\t\t<div class=\"elementor-element elementor-element-2c5041c elementor-widget-divider--view-line elementor-widget elementor-widget-divider\" data-id=\"2c5041c\" data-element_type=\"widget\" data-widget_type=\"divider.default\">\n\t\t\t\t\t\t\t<div class=\"elementor-divider\">\n\t\t\t<span class=\"elementor-divider-separator\">\n\t\t\t\t\t\t<\/span>\n\t\t<\/div>\n\t\t\t\t\t\t<\/div>\n\t\t\t\t<div class=\"elementor-element elementor-element-3503ae4a elementor-widget elementor-widget-heading\" data-id=\"3503ae4a\" data-element_type=\"widget\" data-widget_type=\"heading.default\">\n\t\t\t\t\t<h2 class=\"elementor-heading-title elementor-size-default\">11. Ihre Rechte (DSGVO)<\/h2>\t\t\t\t<\/div>\n\t\t\t\t<div class=\"elementor-element elementor-element-23aa6006 elementor-widget elementor-widget-text-editor\" data-id=\"23aa6006\" data-element_type=\"widget\" data-widget_type=\"text-editor.default\">\n\t\t\t\t\t\t\t\t\t<p>Sie haben jederzeit folgende Rechte:<\/p><ul><li><strong>Auskunft<\/strong> (Art. 15) &ndash; Welche Daten wir gespeichert haben<\/li><li><strong>Berichtigung<\/strong> (Art. 16) &ndash; Korrektur falscher Daten<\/li><li><strong>L\u00f6schung<\/strong> (Art. 17) &ndash; Recht auf Vergessenwerden<\/li><li><strong>Einschr\u00e4nkung<\/strong> (Art. 18) &ndash; Einschr\u00e4nkung der Verarbeitung<\/li><li><strong>Daten\u00fcbertragbarkeit<\/strong> (Art. 20) &ndash; Export Ihrer Daten<\/li><li><strong>Widerspruch<\/strong> (Art. 21) &ndash; Widerspruch gegen Verarbeitungen<\/li><li><strong>Widerruf<\/strong> (Art. 7 Abs. 3) &ndash; Widerruf erteilter Einwilligungen<\/li><\/ul><p>Anfragen an: <a href=\"mailto:app@soldfood.de\"><strong>app@soldfood.de<\/strong><\/a> &ndash; Antwort innerhalb von 30 Tagen.<\/p>\t\t\t\t\t\t\t\t<\/div>\n\t\t\t\t<div class=\"elementor-element elementor-element-5eab17d3 elementor-widget-divider--view-line elementor-widget elementor-widget-divider\" data-id=\"5eab17d3\" data-element_type=\"widget\" data-widget_type=\"divider.default\">\n\t\t\t\t\t\t\t<div class=\"elementor-divider\">\n\t\t\t<span class=\"elementor-divider-separator\">\n\t\t\t\t\t\t<\/span>\n\t\t<\/div>\n\t\t\t\t\t\t<\/div>\n\t\t\t\t<div class=\"elementor-element elementor-element-5f32ee70 elementor-widget elementor-widget-heading\" data-id=\"5f32ee70\" data-element_type=\"widget\" data-widget_type=\"heading.default\">\n\t\t\t\t\t<h2 class=\"elementor-heading-title elementor-size-default\">12. Konto l\u00f6schen<\/h2>\t\t\t\t<\/div>\n\t\t\t\t<div class=\"elementor-element elementor-element-666592c3 elementor-widget elementor-widget-text-editor\" data-id=\"666592c3\" data-element_type=\"widget\" data-widget_type=\"text-editor.default\">\n\t\t\t\t\t\t\t\t\t<p>Sie k\u00f6nnen Ihr Konto jederzeit l\u00f6schen:<\/p><ol><li>In der App: Einstellungen &rarr; Konto &rarr; Konto l\u00f6schen<\/li><li>Per E-Mail an: <a href=\"mailto:app@soldfood.de\">app@soldfood.de<\/a><\/li><\/ol><p>Alle Daten werden innerhalb von 30 Tagen entfernt. Ausgenommen sind Daten mit gesetzlichen Aufbewahrungspflichten (max. 10 Jahre).<\/p>\t\t\t\t\t\t\t\t<\/div>\n\t\t\t\t<div class=\"elementor-element elementor-element-2d6c0d68 elementor-widget-divider--view-line elementor-widget elementor-widget-divider\" data-id=\"2d6c0d68\" data-element_type=\"widget\" data-widget_type=\"divider.default\">\n\t\t\t\t\t\t\t<div class=\"elementor-divider\">\n\t\t\t<span class=\"elementor-divider-separator\">\n\t\t\t\t\t\t<\/span>\n\t\t<\/div>\n\t\t\t\t\t\t<\/div>\n\t\t\t\t<div class=\"elementor-element elementor-element-7d9b37ea elementor-widget elementor-widget-heading\" data-id=\"7d9b37ea\" data-element_type=\"widget\" data-widget_type=\"heading.default\">\n\t\t\t\t\t<h2 class=\"elementor-heading-title elementor-size-default\">13. Datensicherheit<\/h2>\t\t\t\t<\/div>\n\t\t\t\t<div class=\"elementor-element elementor-element-1c389f4a elementor-widget elementor-widget-text-editor\" data-id=\"1c389f4a\" data-element_type=\"widget\" data-widget_type=\"text-editor.default\">\n\t\t\t\t\t\t\t\t\t<p>Wir sch\u00fctzen Ihre Daten durch:<\/p><ul><li><strong>HTTPS\/TLS-Verschl\u00fcsselung<\/strong> bei allen Daten\u00fcbertragungen<\/li><li><strong>Verschl\u00fcsselte Passwort-Speicherung<\/strong> (bcrypt-Hash)<\/li><li><strong>Regelm\u00e4\u00dfige Sicherheitsupdates<\/strong> (Malware-Scanner aktiv)<\/li><li><strong>Zugriffsbeschr\u00e4nkungen<\/strong> &ndash; Mitarbeiter sehen nur Daten ihrer zugewiesenen Shops<\/li><li><strong>Server in Deutschland<\/strong> (IONOS, Frankfurt)<\/li><\/ul>\t\t\t\t\t\t\t\t<\/div>\n\t\t\t\t<div class=\"elementor-element elementor-element-472230f2 elementor-widget-divider--view-line elementor-widget elementor-widget-divider\" data-id=\"472230f2\" data-element_type=\"widget\" data-widget_type=\"divider.default\">\n\t\t\t\t\t\t\t<div class=\"elementor-divider\">\n\t\t\t<span class=\"elementor-divider-separator\">\n\t\t\t\t\t\t<\/span>\n\t\t<\/div>\n\t\t\t\t\t\t<\/div>\n\t\t\t\t<div class=\"elementor-element elementor-element-10531468 elementor-widget elementor-widget-heading\" data-id=\"10531468\" data-element_type=\"widget\" data-widget_type=\"heading.default\">\n\t\t\t\t\t<h2 class=\"elementor-heading-title elementor-size-default\">14. Beschwerderecht<\/h2>\t\t\t\t<\/div>\n\t\t\t\t<div class=\"elementor-element elementor-element-5f49e987 elementor-widget elementor-widget-text-editor\" data-id=\"5f49e987\" data-element_type=\"widget\" data-widget_type=\"text-editor.default\">\n\t\t\t\t\t\t\t\t\t<p>Sie haben das Recht, sich bei der zust\u00e4ndigen Aufsichtsbeh\u00f6rde zu beschweren:<\/p><p><strong>Landesbeauftragte f\u00fcr Datenschutz NRW<\/strong><br \/>Postfach 20 04 44, 40102 D\u00fcsseldorf<br \/><a href=\"https:\/\/www.ldi.nrw.de\" target=\"_blank\" rel=\"noopener noreferrer\">www.ldi.nrw.de<\/a><\/p>\t\t\t\t\t\t\t\t<\/div>\n\t\t\t\t<div class=\"elementor-element elementor-element-60b7162 elementor-widget-divider--view-line elementor-widget elementor-widget-divider\" data-id=\"60b7162\" data-element_type=\"widget\" data-widget_type=\"divider.default\">\n\t\t\t\t\t\t\t<div class=\"elementor-divider\">\n\t\t\t<span class=\"elementor-divider-separator\">\n\t\t\t\t\t\t<\/span>\n\t\t<\/div>\n\t\t\t\t\t\t<\/div>\n\t\t\t\t<div class=\"elementor-element elementor-element-7885f581 elementor-widget elementor-widget-heading\" data-id=\"7885f581\" data-element_type=\"widget\" data-widget_type=\"heading.default\">\n\t\t\t\t\t<h2 class=\"elementor-heading-title elementor-size-default\">15. \u00c4nderungen dieser Datenschutzerkl\u00e4rung<\/h2>\t\t\t\t<\/div>\n\t\t\t\t<div class=\"elementor-element elementor-element-6ea525c6 elementor-widget elementor-widget-text-editor\" data-id=\"6ea525c6\" data-element_type=\"widget\" data-widget_type=\"text-editor.default\">\n\t\t\t\t\t\t\t\t\t<p>Wir behalten uns vor, diese Datenschutzerkl\u00e4rung bei \u00c4nderungen der App oder gesetzlichen Anforderungen zu aktualisieren. Die aktuelle Version ist immer unter <a href=\"https:\/\/soldfood.de\/vi\/Datenschutzerklaerung\/\" target=\"_blank\" rel=\"noopener noreferrer\">www.soldfood.de\/datenschutzerklaerung-rewardpass<\/a> abrufbar.<\/p><p>Bei wesentlichen \u00c4nderungen informieren wir Sie per Push-Benachrichtigung oder E-Mail.<\/p>\t\t\t\t\t\t\t\t<\/div>\n\t\t\t\t<div class=\"elementor-element elementor-element-8875815 elementor-widget-divider--view-line elementor-widget elementor-widget-divider\" data-id=\"8875815\" data-element_type=\"widget\" data-widget_type=\"divider.default\">\n\t\t\t\t\t\t\t<div class=\"elementor-divider\">\n\t\t\t<span class=\"elementor-divider-separator\">\n\t\t\t\t\t\t<\/span>\n\t\t<\/div>\n\t\t\t\t\t\t<\/div>\n\t\t\t\t<div class=\"elementor-element elementor-element-71028e1e elementor-widget elementor-widget-text-editor\" data-id=\"71028e1e\" data-element_type=\"widget\" data-widget_type=\"text-editor.default\">\n\t\t\t\t\t\t\t\t\t<p style=\"color:#94a3b8;font-size:13px;\"><em>Letzte Aktualisierung: M\u00e4rz 2026 &nbsp;|&nbsp; Soldfood UG, Krokusweg 3, 33154 Salzkotten &nbsp;|&nbsp; <a href=\"mailto:app@soldfood.de\">app@soldfood.de<\/a><\/em><\/p>\t\t\t\t\t\t\t\t<\/div>\n\t\t\t\t\t<\/div>\n\t\t<\/div>\n\t\t\t\t\t<\/div>\n\t\t<\/section>\n\t\t\t\t<\/div>\n\t\t<\/div>\n\t\t\t\t\t\t<\/div>\n\t\t\t\t<\/div>\n\t\t\t\t<\/div>","protected":false},"excerpt":{"rendered":"","protected":false},"author":1,"featured_media":0,"parent":0,"menu_order":0,"comment_status":"closed","ping_status":"closed","template":"","meta":{"footnotes":""},"class_list":["post-3","page","type-page","status-publish","hentry"],"_links":{"self":[{"href":"https:\/\/soldfood.de\/vi\/wp-json\/wp\/v2\/pages\/3","targetHints":{"allow":["GET"]}}],"collection":[{"href":"https:\/\/soldfood.de\/vi\/wp-json\/wp\/v2\/pages"}],"about":[{"href":"https:\/\/soldfood.de\/vi\/wp-json\/wp\/v2\/types\/page"}],"author":[{"embeddable":true,"href":"https:\/\/soldfood.de\/vi\/wp-json\/wp\/v2\/users\/1"}],"replies":[{"embeddable":true,"href":"https:\/\/soldfood.de\/vi\/wp-json\/wp\/v2\/comments?post=3"}],"version-history":[{"count":0,"href":"https:\/\/soldfood.de\/vi\/wp-json\/wp\/v2\/pages\/3\/revisions"}],"wp:attachment":[{"href":"https:\/\/soldfood.de\/vi\/wp-json\/wp\/v2\/media?parent=3"}],"curies":[{"name":"wp","href":"https:\/\/api.w.org\/{rel}","templated":true}]}}